{"id":15,"date":"2020-02-25T20:54:22","date_gmt":"2020-02-25T20:54:22","guid":{"rendered":"https:\/\/grad.biology.ualberta.ca\/dino-lab\/?page_id=15"},"modified":"2026-03-19T13:13:42","modified_gmt":"2026-03-19T19:13:42","slug":"about-us","status":"publish","type":"page","link":"https:\/\/grad.biology.ualberta.ca\/dino-lab\/","title":{"rendered":"Home"},"content":{"rendered":"<p><span style=\"font-family: 'times new roman', times, serif\">Welcome to the Dino Lab at the University of Alberta! Here you will find information on our personnel, our volunteering and education\/outreach programs, and much more.<\/span><\/p>\n<h2><span style=\"font-family: 'times new roman', times, serif\">What is pal\u00e6ontology?<\/span><\/h2>\n<p><span style=\"font-family: 'times new roman', times, serif\">Pal\u00e6ontology is the scientific discipline that deals with the fossil remains of once-living organisms. To be considered a fossil, a specimen must be extensively altered by geological processes, which often takes at least one hundred thousand years. The general public typically considers pal\u00e6ontology to be the study of dinosaurs, but this is somewhat limiting in that dinosaurs are only one of the many groups of extinct organisms that have lived during the 4.5 billion year history of life on Earth. In general, pal\u00e6ontology is divided into three main areas: vertebrate pal\u00e6ontology, invertebrate pal\u00e6ontology, and pal\u00e6obotany.<\/span><\/p>\n<p><span style=\"font-family: 'times new roman', times, serif\">Vertebrate pal\u00e6ontology is the study of all animals that have vertebrae (i.e., a backbone) including fish, lizards, snakes, birds, amphibians, dinosaurs, mammals, marine reptiles (ichthyosaurs, plesiosaurs, etc.), and flying reptiles (pterosaurs). These types of fossils comprise the specimens in Dino Lab and <a href=\"https:\/\/www.ualberta.ca\/museums\/museum-collections\/vertebrate-paleontology.html\" target=\"_blank\" rel=\"noopener\"><strong>University of Alberta Laboratory for Vertebrate Pal\u00e6ontology (UALVP)<\/strong><\/a> collections.<\/span><\/p>\n<p><span style=\"font-family: 'times new roman', times, serif\">Invertebrate pal\u00e6ontology is the study of animals that do not have vertebrae, including trilobites, snails, clams and oysters, insects, crustaceans, and mollusks. At the University of Alberta, this area falls within the purview of Earth and Atmospheric Sciences rather than Biological Sciences, and further information can be accessed <strong><a href=\"https:\/\/www.ualberta.ca\/museums\/museum-collections\/invertebrate-paleontology-collection.html\" target=\"_blank\" rel=\"noopener noreferrer\">here<\/a><\/strong>.<\/span><\/p>\n<p><span style=\"font-family: 'times new roman', times, serif\">Pal\u00e6obotany is the study of fossil plants. Related to pal\u00e6obotany are palynology (the study of spores and pollen) and other organic matter. Further information about pal\u00e6obotany at the University of Alberta can be accessed <strong><a href=\"https:\/\/www.ualberta.ca\/museums\/museum-collections\/paleobotanical-collection.html\" target=\"_blank\" rel=\"noopener noreferrer\">here<\/a><\/strong>.<\/span><\/p>\n<div class=\"fb-video\" data-href=\"https:\/\/fb.watch\/1TMTV34jsD\/\" data-show-text=\"false\" data-width=\"\">\n<p>https:\/\/www.facebook.com\/UofAPS\/videos\/672723052862584<\/p>\n<p><span style=\"font-size: 12pt;font-family: 'times new roman', times, serif\">Here is a time lapse video captured in 2015 during the first day of excavating our new <em>Styracosaurus<\/em> skull. Found by Amanda Kelley, the skull was airlifted out of the badlands by helicopter and brought to the U of A for preparation! Preparation was done by Howard Gibbins &amp; Clive Coy, and completed in 2018.<\/span><\/p>\n<p><span style=\"font-size: 12pt;font-family: 'times new roman', times, serif\">This specimen has been in the lab where nobody can see it since 2018, but coming in April 2026 it will be going on display in CCIS.<\/span><\/p>\n<\/div>\n<h2>Our specimens<\/h2>\n<p><span style=\"font-family: 'times new roman', times, serif\">Once specimens have been collected in the field, they are brought to the university for preparation in the Dino Lab. This involves removing as much of the extraneous material (called \u201cmatrix\u201d) adhering to the fossil as possible, which consists mostly of rock. During the preparation process, the specimen must be continuously stabilized with appropriate glues, and any breaks must be repaired.<\/span><\/p>\n<p><span style=\"font-family: 'times new roman', times, serif\">A significant amount of the preparation is done by volunteers. The Dino Lab is quite proud of, and grateful for, the fact that we have the largest volunteer corps on campus. Without them, we would be unable to prepare even a fraction of the material we get through in a typical year. Once the specimens have been prepared, they are catalogued into the university\u2019s extensive collections, and are then available for research, exhibit, and loans to other institutions.<\/span><\/p>\n<p><span style=\"font-family: 'times new roman', times, serif\">We operate two fossil preparation labs. Please see the <a href=\"https:\/\/grad.biology.ualberta.ca\/dino-lab\/schedule-and-supervisors\/\" target=\"_blank\" rel=\"noopener noreferrer\"><strong>Schedule &amp; Supervisors<\/strong><\/a> page for further information.<\/span><\/p>\n<h2>Volunteering<\/h2>\n<p><span style=\"font-family: 'times new roman', times, serif\">We have an extensive volunteer program. Please see the <strong><a href=\"https:\/\/grad.biology.ualberta.ca\/dino-lab\/volunteers\/\" target=\"_blank\" rel=\"noopener noreferrer\">Volunteers<\/a><\/strong> page for further information.<\/span><\/p>\n<table style=\"border-collapse: collapse;width: 100%;height: 146px\">\n<tbody>\n<tr style=\"height: 17px\">\n<td style=\"width: 6.63339%;height: 10px\">Year<\/td>\n<td style=\"width: 9.23373%;height: 10px\">Volunteers<\/td>\n<td style=\"width: 8.7136%;height: 10px\">Hours<\/td>\n<td style=\"width: 51.1356%;height: 10px\"><\/td>\n<td style=\"width: 7.52492%;height: 10px\">Year<\/td>\n<td style=\"width: 9.23373%;height: 10px\">Volunteers<\/td>\n<td style=\"width: 9.23366%;height: 10px\">Hours<\/td>\n<\/tr>\n<tr style=\"height: 17px\">\n<td style=\"width: 6.63339%;height: 17px\">2012<\/td>\n<td style=\"width: 9.23373%;height: 17px\">111<\/td>\n<td style=\"width: 8.7136%;height: 17px\">1709<\/td>\n<td style=\"width: 51.1356%;height: 136px\" rowspan=\"8\"><img loading=\"lazy\" decoding=\"async\" class=\"wp-image-239  aligncenter\" style=\"font-size: 14.4px\" src=\"https:\/\/grad.biology.ualberta.ca\/dino-lab\/wp-content\/uploads\/sites\/69\/2026\/03\/UALVP-logo-BLACK-300x300.png\" alt=\"\" width=\"537\" height=\"537\" \/><\/td>\n<td style=\"width: 7.52492%;height: 17px\">2020<\/td>\n<td style=\"width: 9.23373%;height: 17px\">62<\/td>\n<td style=\"width: 9.23366%;height: 17px\">1448<\/td>\n<\/tr>\n<tr style=\"height: 17px\">\n<td style=\"width: 6.63339%;height: 17px\">2013<\/td>\n<td style=\"width: 9.23373%;height: 17px\">85<\/td>\n<td style=\"width: 8.7136%;height: 17px\">2103<\/td>\n<td style=\"width: 7.52492%;height: 17px\">2021<\/td>\n<td style=\"width: 9.23373%;height: 17px\">58<\/td>\n<td style=\"width: 9.23366%;height: 17px\">1001<\/td>\n<\/tr>\n<tr style=\"height: 17px\">\n<td style=\"width: 6.63339%;height: 17px\">2014<\/td>\n<td style=\"width: 9.23373%;height: 17px\">82<\/td>\n<td style=\"width: 8.7136%;height: 17px\">3111<\/td>\n<td style=\"width: 7.52492%;height: 17px\">2022<\/td>\n<td style=\"width: 9.23373%;height: 17px\">241<\/td>\n<td style=\"width: 9.23366%;height: 17px\">3949<\/td>\n<\/tr>\n<tr style=\"height: 17px\">\n<td style=\"width: 6.63339%;height: 17px\">2015<\/td>\n<td style=\"width: 9.23373%;height: 17px\">69<\/td>\n<td style=\"width: 8.7136%;height: 17px\">3805<\/td>\n<td style=\"width: 7.52492%;height: 17px\">2023<\/td>\n<td style=\"width: 9.23373%;height: 17px\">220<\/td>\n<td style=\"width: 9.23366%;height: 17px\">4632<\/td>\n<\/tr>\n<tr style=\"height: 17px\">\n<td style=\"width: 6.63339%;height: 17px\">2016<\/td>\n<td style=\"width: 9.23373%;height: 17px\">124<\/td>\n<td style=\"width: 8.7136%;height: 17px\">5091<\/td>\n<td style=\"width: 7.52492%;height: 17px\">2024<\/td>\n<td style=\"width: 9.23373%;height: 17px\">345<\/td>\n<td style=\"width: 9.23366%;height: 17px\">5147<\/td>\n<\/tr>\n<tr style=\"height: 17px\">\n<td style=\"width: 6.63339%;height: 17px\">2017<\/td>\n<td style=\"width: 9.23373%;height: 17px\">162<\/td>\n<td style=\"width: 8.7136%;height: 17px\">5207<\/td>\n<td style=\"width: 7.52492%;height: 17px\">2025<\/td>\n<td style=\"width: 9.23373%;height: 17px\">251<\/td>\n<td style=\"width: 9.23366%;height: 17px\">5942<\/td>\n<\/tr>\n<tr style=\"height: 17px\">\n<td style=\"width: 6.63339%;height: 17px\">2018<\/td>\n<td style=\"width: 9.23373%;height: 17px\">157<\/td>\n<td style=\"width: 8.7136%;height: 17px\">5576<\/td>\n<td style=\"width: 7.52492%;height: 17px\">2026<\/td>\n<td style=\"width: 9.23373%;height: 17px\"><\/td>\n<td style=\"width: 9.23366%;height: 17px\">?<\/td>\n<\/tr>\n<tr style=\"height: 17px\">\n<td style=\"width: 6.63339%;height: 17px\">2019<\/td>\n<td style=\"width: 9.23373%;height: 17px\">185<\/td>\n<td style=\"width: 8.7136%;height: 17px\">5403<\/td>\n<td style=\"width: 7.52492%;height: 17px\">2027<\/td>\n<td style=\"width: 9.23373%;height: 17px\">?<\/td>\n<td style=\"width: 9.23366%;height: 17px\">?<\/td>\n<\/tr>\n<\/tbody>\n<\/table>\n<p>Page last updated on 2026-03-19<\/p>\n","protected":false},"excerpt":{"rendered":"<p>Welcome to the Dino Lab at the University of Alberta! Here you will find information on our personnel, our volunteering and education\/outreach programs, and much more. What is pal\u00e6ontology? Pal\u00e6ontology is the scientific discipline that deals with the fossil remains of once-living organisms. To be considered a fossil, a specimen must be extensively altered by [&hellip;]<\/p>\n","protected":false},"author":45,"featured_media":552,"parent":0,"menu_order":0,"comment_status":"closed","ping_status":"closed","template":"","meta":{"_crdt_document":"","footnotes":""},"class_list":["post-15","page","type-page","status-publish","has-post-thumbnail","hentry","post-preview"],"_links":{"self":[{"href":"https:\/\/grad.biology.ualberta.ca\/dino-lab\/wp-json\/wp\/v2\/pages\/15","targetHints":{"allow":["GET"]}}],"collection":[{"href":"https:\/\/grad.biology.ualberta.ca\/dino-lab\/wp-json\/wp\/v2\/pages"}],"about":[{"href":"https:\/\/grad.biology.ualberta.ca\/dino-lab\/wp-json\/wp\/v2\/types\/page"}],"author":[{"embeddable":true,"href":"https:\/\/grad.biology.ualberta.ca\/dino-lab\/wp-json\/wp\/v2\/users\/45"}],"replies":[{"embeddable":true,"href":"https:\/\/grad.biology.ualberta.ca\/dino-lab\/wp-json\/wp\/v2\/comments?post=15"}],"version-history":[{"count":87,"href":"https:\/\/grad.biology.ualberta.ca\/dino-lab\/wp-json\/wp\/v2\/pages\/15\/revisions"}],"predecessor-version":[{"id":691,"href":"https:\/\/grad.biology.ualberta.ca\/dino-lab\/wp-json\/wp\/v2\/pages\/15\/revisions\/691"}],"wp:featuredmedia":[{"embeddable":true,"href":"https:\/\/grad.biology.ualberta.ca\/dino-lab\/wp-json\/wp\/v2\/media\/552"}],"wp:attachment":[{"href":"https:\/\/grad.biology.ualberta.ca\/dino-lab\/wp-json\/wp\/v2\/media?parent=15"}],"curies":[{"name":"wp","href":"https:\/\/api.w.org\/{rel}","templated":true}]}}